{"id":5,"date":"2023-03-10T17:12:34","date_gmt":"2023-03-10T17:12:34","guid":{"rendered":"https:\/\/ridii.put.poznan.pl\/?page_id=5"},"modified":"2025-06-04T09:47:24","modified_gmt":"2025-06-04T09:47:24","slug":"strona-glowna","status":"publish","type":"page","link":"https:\/\/ridii.put.poznan.pl\/","title":{"rendered":"Strona g\u0142\u00f3wna"},"content":{"rendered":"\t\t<div data-elementor-type=\"wp-page\" data-elementor-id=\"5\" class=\"elementor elementor-5\">\n\t\t\t\t\t\t<section class=\"elementor-section elementor-top-section elementor-element elementor-element-35f0f383 top_section elementor-section-boxed elementor-section-height-default elementor-section-height-default\" data-id=\"35f0f383\" data-element_type=\"section\" data-e-type=\"section\" data-settings=\"{&quot;background_background&quot;:&quot;classic&quot;}\">\n\t\t\t\t\t\t<div class=\"elementor-container elementor-column-gap-default\">\n\t\t\t\t\t<div class=\"elementor-column elementor-col-100 elementor-top-column elementor-element elementor-element-62e306f2\" data-id=\"62e306f2\" data-element_type=\"column\" data-e-type=\"column\">\n\t\t\t<div class=\"elementor-widget-wrap elementor-element-populated\">\n\t\t\t\t\t\t<section class=\"elementor-section elementor-inner-section elementor-element elementor-element-f186db7 elementor-section-boxed elementor-section-height-default elementor-section-height-default\" data-id=\"f186db7\" data-element_type=\"section\" data-e-type=\"section\">\n\t\t\t\t\t\t<div class=\"elementor-container elementor-column-gap-default\">\n\t\t\t\t\t<div class=\"elementor-column elementor-col-33 elementor-inner-column elementor-element elementor-element-73d0b8cf\" data-id=\"73d0b8cf\" data-element_type=\"column\" data-e-type=\"column\">\n\t\t\t<div class=\"elementor-widget-wrap elementor-element-populated\">\n\t\t\t\t\t\t<div class=\"elementor-element elementor-element-0eddef4 elementor-widget elementor-widget-image\" data-id=\"0eddef4\" data-element_type=\"widget\" data-e-type=\"widget\" data-widget_type=\"image.default\">\n\t\t\t\t<div class=\"elementor-widget-container\">\n\t\t\t\t\t\t\t\t\t\t\t\t\t\t\t\t<a href=\"http:\/\/www.gov.pl\/ncbr\">\n\t\t\t\t\t\t\t<img fetchpriority=\"high\" decoding=\"async\" width=\"768\" height=\"251\" src=\"https:\/\/ridii.put.poznan.pl\/wp-content\/uploads\/2023\/03\/ncbr-e1678551223993-768x251.jpg\" class=\"attachment-medium_large size-medium_large wp-image-44\" alt=\"\" srcset=\"https:\/\/ridii.put.poznan.pl\/wp-content\/uploads\/2023\/03\/ncbr-e1678551223993-768x251.jpg 768w, https:\/\/ridii.put.poznan.pl\/wp-content\/uploads\/2023\/03\/ncbr-e1678551223993-300x98.jpg 300w, https:\/\/ridii.put.poznan.pl\/wp-content\/uploads\/2023\/03\/ncbr-e1678551223993-1024x335.jpg 1024w, https:\/\/ridii.put.poznan.pl\/wp-content\/uploads\/2023\/03\/ncbr-e1678551223993-1536x502.jpg 1536w, https:\/\/ridii.put.poznan.pl\/wp-content\/uploads\/2023\/03\/ncbr-e1678551223993.jpg 1920w\" sizes=\"(max-width: 768px) 100vw, 768px\" \/>\t\t\t\t\t\t\t\t<\/a>\n\t\t\t\t\t\t\t\t\t\t\t\t\t\t\t<\/div>\n\t\t\t\t<\/div>\n\t\t\t\t\t<\/div>\n\t\t<\/div>\n\t\t\t\t<div class=\"elementor-column elementor-col-33 elementor-inner-column elementor-element elementor-element-41c249b\" data-id=\"41c249b\" data-element_type=\"column\" data-e-type=\"column\">\n\t\t\t<div class=\"elementor-widget-wrap elementor-element-populated\">\n\t\t\t\t\t\t<div class=\"elementor-element elementor-element-73e83a9 elementor-widget elementor-widget-image\" data-id=\"73e83a9\" data-element_type=\"widget\" data-e-type=\"widget\" data-widget_type=\"image.default\">\n\t\t\t\t<div class=\"elementor-widget-container\">\n\t\t\t\t\t\t\t\t\t\t\t\t\t\t\t<img decoding=\"async\" width=\"346\" height=\"127\" src=\"https:\/\/ridii.put.poznan.pl\/wp-content\/uploads\/2023\/12\/logo-.png\" class=\"attachment-medium_large size-medium_large wp-image-85\" alt=\"\" srcset=\"https:\/\/ridii.put.poznan.pl\/wp-content\/uploads\/2023\/12\/logo-.png 346w, https:\/\/ridii.put.poznan.pl\/wp-content\/uploads\/2023\/12\/logo--300x110.png 300w\" sizes=\"(max-width: 346px) 100vw, 346px\" \/>\t\t\t\t\t\t\t\t\t\t\t\t\t\t\t<\/div>\n\t\t\t\t<\/div>\n\t\t\t\t\t<\/div>\n\t\t<\/div>\n\t\t\t\t<div class=\"elementor-column elementor-col-33 elementor-inner-column elementor-element elementor-element-6d54fb8\" data-id=\"6d54fb8\" data-element_type=\"column\" data-e-type=\"column\">\n\t\t\t<div class=\"elementor-widget-wrap elementor-element-populated\">\n\t\t\t\t\t\t<div class=\"elementor-element elementor-element-df8f331 elementor-widget elementor-widget-image\" data-id=\"df8f331\" data-element_type=\"widget\" data-e-type=\"widget\" data-widget_type=\"image.default\">\n\t\t\t\t<div class=\"elementor-widget-container\">\n\t\t\t\t\t\t\t\t\t\t\t\t\t\t\t\t<a href=\"https:\/\/www.gov.pl\/web\/gddkia\/generalna-dyrekcja-drog-krajowych-i-autostrad\">\n\t\t\t\t\t\t\t<img decoding=\"async\" width=\"371\" height=\"70\" src=\"https:\/\/ridii.put.poznan.pl\/wp-content\/uploads\/2023\/03\/gddka.png\" class=\"attachment-medium_large size-medium_large wp-image-54\" alt=\"\" srcset=\"https:\/\/ridii.put.poznan.pl\/wp-content\/uploads\/2023\/03\/gddka.png 371w, https:\/\/ridii.put.poznan.pl\/wp-content\/uploads\/2023\/03\/gddka-300x57.png 300w\" sizes=\"(max-width: 371px) 100vw, 371px\" \/>\t\t\t\t\t\t\t\t<\/a>\n\t\t\t\t\t\t\t\t\t\t\t\t\t\t\t<\/div>\n\t\t\t\t<\/div>\n\t\t\t\t\t<\/div>\n\t\t<\/div>\n\t\t\t\t\t<\/div>\n\t\t<\/section>\n\t\t\t\t<div class=\"elementor-element elementor-element-1f10336 elementor-widget elementor-widget-spacer\" data-id=\"1f10336\" data-element_type=\"widget\" data-e-type=\"widget\" data-widget_type=\"spacer.default\">\n\t\t\t\t<div class=\"elementor-widget-container\">\n\t\t\t\t\t\t\t<div class=\"elementor-spacer\">\n\t\t\t<div class=\"elementor-spacer-inner\"><\/div>\n\t\t<\/div>\n\t\t\t\t\t\t<\/div>\n\t\t\t\t<\/div>\n\t\t\t\t<div class=\"elementor-element elementor-element-0087e81 elementor-widget elementor-widget-heading\" data-id=\"0087e81\" data-element_type=\"widget\" data-e-type=\"widget\" data-widget_type=\"heading.default\">\n\t\t\t\t<div class=\"elementor-widget-container\">\n\t\t\t\t\t<h1 class=\"elementor-heading-title elementor-size-large\">Program<br>Rozw\u00f3j Innowacji Drogowych - <b>RID II<\/b><br><\/h1>\t\t\t\t<\/div>\n\t\t\t\t<\/div>\n\t\t\t\t<div class=\"elementor-element elementor-element-3b6f63d elementor-widget elementor-widget-image\" data-id=\"3b6f63d\" data-element_type=\"widget\" data-e-type=\"widget\" data-widget_type=\"image.default\">\n\t\t\t\t<div class=\"elementor-widget-container\">\n\t\t\t\t\t\t\t\t\t\t\t\t\t\t\t<img loading=\"lazy\" decoding=\"async\" width=\"300\" height=\"147\" src=\"https:\/\/ridii.put.poznan.pl\/wp-content\/uploads\/2023\/03\/RID-logo-2-300x147.jpg\" class=\"attachment-medium size-medium wp-image-50\" alt=\"\" srcset=\"https:\/\/ridii.put.poznan.pl\/wp-content\/uploads\/2023\/03\/RID-logo-2-300x147.jpg 300w, https:\/\/ridii.put.poznan.pl\/wp-content\/uploads\/2023\/03\/RID-logo-2.jpg 609w\" sizes=\"(max-width: 300px) 100vw, 300px\" \/>\t\t\t\t\t\t\t\t\t\t\t\t\t\t\t<\/div>\n\t\t\t\t<\/div>\n\t\t\t\t<div class=\"elementor-element elementor-element-12672900 elementor-invisible elementor-widget elementor-widget-heading\" data-id=\"12672900\" data-element_type=\"widget\" data-e-type=\"widget\" data-settings=\"{&quot;_animation&quot;:&quot;fadeInUp&quot;}\" data-widget_type=\"heading.default\">\n\t\t\t\t<div class=\"elementor-widget-container\">\n\t\t\t\t\t<h1 class=\"elementor-heading-title elementor-size-large\"><br>Projekt: <\/h1>\t\t\t\t<\/div>\n\t\t\t\t<\/div>\n\t\t\t\t<div class=\"elementor-element elementor-element-004ed34 elementor-widget elementor-widget-spacer\" data-id=\"004ed34\" data-element_type=\"widget\" data-e-type=\"widget\" data-widget_type=\"spacer.default\">\n\t\t\t\t<div class=\"elementor-widget-container\">\n\t\t\t\t\t\t\t<div class=\"elementor-spacer\">\n\t\t\t<div class=\"elementor-spacer-inner\"><\/div>\n\t\t<\/div>\n\t\t\t\t\t\t<\/div>\n\t\t\t\t<\/div>\n\t\t\t\t<div class=\"elementor-element elementor-element-b9ea6a7 elementor-invisible elementor-widget elementor-widget-heading\" data-id=\"b9ea6a7\" data-element_type=\"widget\" data-e-type=\"widget\" data-settings=\"{&quot;_animation&quot;:&quot;fadeInUp&quot;}\" data-widget_type=\"heading.default\">\n\t\t\t\t<div class=\"elementor-widget-container\">\n\t\t\t\t\t<h1 class=\"elementor-heading-title elementor-size-medium\"><b> <\/b>Kompleksowy system pozyskiwania, magazynowania i dystrybucji energii elektrycznej ze \u017ar\u00f3de\u0142 odnawialnych z wykorzystaniem infrastruktury zlokalizowanej w pasie drogowym<br> <br><\/h1>\t\t\t\t<\/div>\n\t\t\t\t<\/div>\n\t\t\t\t<div class=\"elementor-element elementor-element-c6547af elementor-invisible elementor-widget elementor-widget-heading\" data-id=\"c6547af\" data-element_type=\"widget\" data-e-type=\"widget\" data-settings=\"{&quot;_animation&quot;:&quot;fadeInUp&quot;}\" data-widget_type=\"heading.default\">\n\t\t\t\t<div class=\"elementor-widget-container\">\n\t\t\t\t\t<h1 class=\"elementor-heading-title elementor-size-large\"><br>Beneficjent: <br><\/h1>\t\t\t\t<\/div>\n\t\t\t\t<\/div>\n\t\t\t\t<div class=\"elementor-element elementor-element-dcec999 elementor-widget elementor-widget-spacer\" data-id=\"dcec999\" data-element_type=\"widget\" data-e-type=\"widget\" data-widget_type=\"spacer.default\">\n\t\t\t\t<div class=\"elementor-widget-container\">\n\t\t\t\t\t\t\t<div class=\"elementor-spacer\">\n\t\t\t<div class=\"elementor-spacer-inner\"><\/div>\n\t\t<\/div>\n\t\t\t\t\t\t<\/div>\n\t\t\t\t<\/div>\n\t\t\t\t<div class=\"elementor-element elementor-element-cf49454 elementor-widget elementor-widget-image\" data-id=\"cf49454\" data-element_type=\"widget\" data-e-type=\"widget\" data-widget_type=\"image.default\">\n\t\t\t\t<div class=\"elementor-widget-container\">\n\t\t\t\t\t\t\t\t\t\t\t\t\t\t\t\t<a href=\"https:\/\/www.put.poznan.pl\/\">\n\t\t\t\t\t\t\t<img loading=\"lazy\" decoding=\"async\" width=\"150\" height=\"150\" src=\"https:\/\/ridii.put.poznan.pl\/wp-content\/uploads\/2023\/03\/pp-150x150.jpg\" class=\"attachment-thumbnail size-thumbnail wp-image-53\" alt=\"\" srcset=\"https:\/\/ridii.put.poznan.pl\/wp-content\/uploads\/2023\/03\/pp-150x150.jpg 150w, https:\/\/ridii.put.poznan.pl\/wp-content\/uploads\/2023\/03\/pp-300x300.jpg 300w, https:\/\/ridii.put.poznan.pl\/wp-content\/uploads\/2023\/03\/pp.jpg 400w\" sizes=\"(max-width: 150px) 100vw, 150px\" \/>\t\t\t\t\t\t\t\t<\/a>\n\t\t\t\t\t\t\t\t\t\t\t\t\t\t\t<\/div>\n\t\t\t\t<\/div>\n\t\t\t\t<div class=\"elementor-element elementor-element-c4280d2 elementor-widget elementor-widget-spacer\" data-id=\"c4280d2\" data-element_type=\"widget\" data-e-type=\"widget\" data-widget_type=\"spacer.default\">\n\t\t\t\t<div class=\"elementor-widget-container\">\n\t\t\t\t\t\t\t<div class=\"elementor-spacer\">\n\t\t\t<div class=\"elementor-spacer-inner\"><\/div>\n\t\t<\/div>\n\t\t\t\t\t\t<\/div>\n\t\t\t\t<\/div>\n\t\t\t\t<div class=\"elementor-element elementor-element-c991047 elementor-invisible elementor-widget elementor-widget-heading\" data-id=\"c991047\" data-element_type=\"widget\" data-e-type=\"widget\" data-settings=\"{&quot;_animation&quot;:&quot;fadeInUp&quot;}\" data-widget_type=\"heading.default\">\n\t\t\t\t<div class=\"elementor-widget-container\">\n\t\t\t\t\t<h1 class=\"elementor-heading-title elementor-size-large\"><br>Ca\u0142kowita warto\u015b\u0107 projektu:  <br><br><b>2 327 160 z\u0142<\/b><br><br><br>Warto\u015b\u0107 dofinansowania NCBR:<br><b>1 163 580 z\u0142<\/b><br><br>Warto\u015b\u0107 dofinansowania GDDKiA:<br><b>1 163 580 z\u0142<\/b><br><br><br>Okres realizacji: <br><br><b>01.09.2023 - 28.02.2026<\/b><br><br><br><\/h1>\t\t\t\t<\/div>\n\t\t\t\t<\/div>\n\t\t\t\t<div class=\"elementor-element elementor-element-e646ab1 elementor-invisible elementor-widget elementor-widget-heading\" data-id=\"e646ab1\" data-element_type=\"widget\" data-e-type=\"widget\" data-settings=\"{&quot;_animation&quot;:&quot;fadeInUp&quot;}\" data-widget_type=\"heading.default\">\n\t\t\t\t<div class=\"elementor-widget-container\">\n\t\t\t\t\t<h1 class=\"elementor-heading-title elementor-size-medium\"><b> <\/b>Projekt finansowany przez Narodowe Centrum Bada\u0144 i Rozwoju oraz Generaln\u0105 Dyrekcj\u0119 Dr\u00f3g Krajowych i Autostrad w ramach programu Rozw\u00f3j Innowacji Drogowych \u2013 RID II<br> <br><\/h1>\t\t\t\t<\/div>\n\t\t\t\t<\/div>\n\t\t\t\t<section class=\"elementor-section elementor-inner-section elementor-element elementor-element-39071524 elementor-section-boxed elementor-section-height-default elementor-section-height-default\" data-id=\"39071524\" data-element_type=\"section\" data-e-type=\"section\">\n\t\t\t\t\t\t<div class=\"elementor-container elementor-column-gap-wide\">\n\t\t\t\t\t<div class=\"elementor-column elementor-col-100 elementor-inner-column elementor-element elementor-element-fb7253f\" data-id=\"fb7253f\" data-element_type=\"column\" data-e-type=\"column\">\n\t\t\t<div class=\"elementor-widget-wrap\">\n\t\t\t\t\t\t\t<\/div>\n\t\t<\/div>\n\t\t\t\t\t<\/div>\n\t\t<\/section>\n\t\t\t\t<div class=\"elementor-element elementor-element-1fa2c00 elementor-align-center elementor-widget elementor-widget-button\" data-id=\"1fa2c00\" data-element_type=\"widget\" data-e-type=\"widget\" data-widget_type=\"button.default\">\n\t\t\t\t<div class=\"elementor-widget-container\">\n\t\t\t\t\t\t\t\t\t<div class=\"elementor-button-wrapper\">\n\t\t\t\t\t<a class=\"elementor-button elementor-button-link elementor-size-lg\" href=\"https:\/\/ridii.put.poznan.pl\/index.php\/o-projekcie\/\">\n\t\t\t\t\t\t<span class=\"elementor-button-content-wrapper\">\n\t\t\t\t\t\t\t\t\t<span class=\"elementor-button-text\">Wi\u0119cej o projekcie <\/span>\n\t\t\t\t\t<\/span>\n\t\t\t\t\t<\/a>\n\t\t\t\t<\/div>\n\t\t\t\t\t\t\t\t<\/div>\n\t\t\t\t<\/div>\n\t\t\t\t<div class=\"elementor-element elementor-element-fab0802 elementor-widget elementor-widget-spacer\" data-id=\"fab0802\" data-element_type=\"widget\" data-e-type=\"widget\" data-widget_type=\"spacer.default\">\n\t\t\t\t<div class=\"elementor-widget-container\">\n\t\t\t\t\t\t\t<div class=\"elementor-spacer\">\n\t\t\t<div class=\"elementor-spacer-inner\"><\/div>\n\t\t<\/div>\n\t\t\t\t\t\t<\/div>\n\t\t\t\t<\/div>\n\t\t\t\t\t<\/div>\n\t\t<\/div>\n\t\t\t\t\t<\/div>\n\t\t<\/section>\n\t\t\t\t<\/div>\n\t\t","protected":false},"excerpt":{"rendered":"<p>ProgramRozw\u00f3j Innowacji Drogowych &#8211; RID II Projekt: Kompleksowy system pozyskiwania, magazynowania i dystrybucji energii elektrycznej ze \u017ar\u00f3de\u0142 odnawialnych z wykorzystaniem infrastruktury zlokalizowanej w pasie drogowym Beneficjent: Ca\u0142kowita warto\u015b\u0107 projektu: 2 327 160 z\u0142 Warto\u015b\u0107 dofinansowania NCBR:1 163 580 z\u0142 Warto\u015b\u0107 dofinansowania GDDKiA:1 163 580 z\u0142 Okres realizacji: 01.09.2023 &#8211; 28.02.2026 Projekt finansowany przez Narodowe Centrum [&hellip;]<\/p>\n","protected":false},"author":1,"featured_media":0,"parent":0,"menu_order":0,"comment_status":"closed","ping_status":"closed","template":"","meta":{"ocean_post_layout":"full-screen","ocean_both_sidebars_style":"","ocean_both_sidebars_content_width":0,"ocean_both_sidebars_sidebars_width":0,"ocean_sidebar":"0","ocean_second_sidebar":"0","ocean_disable_margins":"enable","ocean_add_body_class":"","ocean_shortcode_before_top_bar":"","ocean_shortcode_after_top_bar":"","ocean_shortcode_before_header":"","ocean_shortcode_after_header":"","ocean_has_shortcode":"","ocean_shortcode_after_title":"","ocean_shortcode_before_footer_widgets":"","ocean_shortcode_after_footer_widgets":"","ocean_shortcode_before_footer_bottom":"","ocean_shortcode_after_footer_bottom":"","ocean_display_top_bar":"off","ocean_display_header":"default","ocean_header_style":"","ocean_center_header_left_menu":"0","ocean_custom_header_template":"0","ocean_custom_logo":0,"ocean_custom_retina_logo":0,"ocean_custom_logo_max_width":0,"ocean_custom_logo_tablet_max_width":0,"ocean_custom_logo_mobile_max_width":0,"ocean_custom_logo_max_height":0,"ocean_custom_logo_tablet_max_height":0,"ocean_custom_logo_mobile_max_height":0,"ocean_header_custom_menu":"0","ocean_menu_typo_font_family":"0","ocean_menu_typo_font_subset":"","ocean_menu_typo_font_size":0,"ocean_menu_typo_font_size_tablet":0,"ocean_menu_typo_font_size_mobile":0,"ocean_menu_typo_font_size_unit":"px","ocean_menu_typo_font_weight":"","ocean_menu_typo_font_weight_tablet":"","ocean_menu_typo_font_weight_mobile":"","ocean_menu_typo_transform":"","ocean_menu_typo_transform_tablet":"","ocean_menu_typo_transform_mobile":"","ocean_menu_typo_line_height":0,"ocean_menu_typo_line_height_tablet":0,"ocean_menu_typo_line_height_mobile":0,"ocean_menu_typo_line_height_unit":"","ocean_menu_typo_spacing":0,"ocean_menu_typo_spacing_tablet":0,"ocean_menu_typo_spacing_mobile":0,"ocean_menu_typo_spacing_unit":"","ocean_menu_link_color":"","ocean_menu_link_color_hover":"","ocean_menu_link_color_active":"","ocean_menu_link_background":"","ocean_menu_link_hover_background":"","ocean_menu_link_active_background":"","ocean_menu_social_links_bg":"","ocean_menu_social_hover_links_bg":"","ocean_menu_social_links_color":"","ocean_menu_social_hover_links_color":"","ocean_disable_title":"on","ocean_disable_heading":"default","ocean_post_title":"","ocean_post_subheading":"","ocean_post_title_style":"","ocean_post_title_background_color":"","ocean_post_title_background":0,"ocean_post_title_bg_image_position":"","ocean_post_title_bg_image_attachment":"","ocean_post_title_bg_image_repeat":"","ocean_post_title_bg_image_size":"","ocean_post_title_height":0,"ocean_post_title_bg_overlay":0.5,"ocean_post_title_bg_overlay_color":"","ocean_disable_breadcrumbs":"default","ocean_breadcrumbs_color":"","ocean_breadcrumbs_separator_color":"","ocean_breadcrumbs_links_color":"","ocean_breadcrumbs_links_hover_color":"","ocean_display_footer_widgets":"off","ocean_display_footer_bottom":"off","ocean_custom_footer_template":"0","footnotes":""},"class_list":["post-5","page","type-page","status-publish","hentry","entry"],"_links":{"self":[{"href":"https:\/\/ridii.put.poznan.pl\/index.php\/wp-json\/wp\/v2\/pages\/5","targetHints":{"allow":["GET"]}}],"collection":[{"href":"https:\/\/ridii.put.poznan.pl\/index.php\/wp-json\/wp\/v2\/pages"}],"about":[{"href":"https:\/\/ridii.put.poznan.pl\/index.php\/wp-json\/wp\/v2\/types\/page"}],"author":[{"embeddable":true,"href":"https:\/\/ridii.put.poznan.pl\/index.php\/wp-json\/wp\/v2\/users\/1"}],"replies":[{"embeddable":true,"href":"https:\/\/ridii.put.poznan.pl\/index.php\/wp-json\/wp\/v2\/comments?post=5"}],"version-history":[{"count":61,"href":"https:\/\/ridii.put.poznan.pl\/index.php\/wp-json\/wp\/v2\/pages\/5\/revisions"}],"predecessor-version":[{"id":169,"href":"https:\/\/ridii.put.poznan.pl\/index.php\/wp-json\/wp\/v2\/pages\/5\/revisions\/169"}],"wp:attachment":[{"href":"https:\/\/ridii.put.poznan.pl\/index.php\/wp-json\/wp\/v2\/media?parent=5"}],"curies":[{"name":"wp","href":"https:\/\/api.w.org\/{rel}","templated":true}]}}